{"id":48,"date":"2024-07-09T04:59:33","date_gmt":"2024-07-09T02:59:33","guid":{"rendered":"https:\/\/afiladosintertool.com\/?page_id=48"},"modified":"2024-07-22T15:06:13","modified_gmt":"2024-07-22T21:06:13","slug":"nuestros-servicios","status":"publish","type":"page","link":"https:\/\/afiladosintertool.com\/en\/nuestros-servicios\/","title":{"rendered":"Our Services"},"content":{"rendered":"<div data-elementor-type=\"wp-page\" data-elementor-id=\"48\" class=\"elementor elementor-48\">\n\t\t\t\t<div class=\"elementor-element elementor-element-3ed596b e-flex e-con-boxed e-con e-parent\" data-id=\"3ed596b\" data-element_type=\"container\" data-settings=\"{&quot;background_background&quot;:&quot;classic&quot;}\">\n\t\t\t\t\t<div class=\"e-con-inner\">\n\t\t\t\t<div class=\"elementor-element elementor-element-212ee2d elementor-widget__width-initial elementor-widget-mobile__width-initial elementor-widget elementor-widget-heading\" data-id=\"212ee2d\" data-element_type=\"widget\" data-widget_type=\"heading.default\">\n\t\t\t\t<div class=\"elementor-widget-container\">\n\t\t\t<h2 class=\"elementor-heading-title elementor-size-default\">Our Services<\/h2>\t\t<\/div>\n\t\t\t\t<\/div>\n\t\t\t\t\t<\/div>\n\t\t\t\t<\/div>\n\t\t<div class=\"elementor-element elementor-element-20d39741 e-flex e-con-boxed e-con e-parent\" data-id=\"20d39741\" data-element_type=\"container\" data-settings=\"{&quot;background_background&quot;:&quot;classic&quot;}\">\n\t\t\t\t\t<div class=\"e-con-inner\">\n\t\t\t\t<div class=\"elementor-element elementor-element-79ee2da9 eael-dual-header-content-align-center elementor-widget elementor-widget-eael-dual-color-header\" data-id=\"79ee2da9\" data-element_type=\"widget\" data-widget_type=\"eael-dual-color-header.default\">\n\t\t\t\t<div class=\"elementor-widget-container\">\n\t\t\t\n\t\t        <div class=\"eael-dual-header\">\n\t\t\t\t<h2 class=\"title\">\n\t\t\t<span  class=\"lead solid-color\">Listado<\/span>\n\t\t\t<span>Services<\/span>\n\t\t<\/h2>\n\t\t\t\t<span class=\"subtext\"><p>We offer solutions and technical support to make your production process more efficient; with the manufacture and sharpening of carbide drill bits, as well as cutting tools.<\/p><\/span>\n\t\t\t\t<\/div>\n\t\n\t\t\n\t\t\n\t\t\n\t\t\t\t<\/div>\n\t\t\t\t<\/div>\n\t\t<div class=\"elementor-element elementor-element-232b97d e-con-full e-flex e-con e-child\" data-id=\"232b97d\" data-element_type=\"container\">\n\t\t\t\t<div class=\"elementor-element elementor-element-25452b4 elementor-widget elementor-widget-text-editor\" data-id=\"25452b4\" data-element_type=\"widget\" data-widget_type=\"text-editor.default\">\n\t\t\t\t<div class=\"elementor-widget-container\">\n\t\t\t\t\t\t\t<ul><li><h3 style=\"text-align: left;\">Design and manufacture of special tools.<\/h3><\/li><li><h3>Manufacturing and RETIP of Diamond tools (PCD).<\/h3><\/li><li><h3>Manufacture and sharpening of solid carbide (HM) tools on CNC machines.<\/h3><\/li><li><h3>Development and engineering of new projects and optimization of special tools.<\/h3><\/li><li><h3>Cost reduction in your machining processes.<\/h3><\/li><li><h3>Personalized technical support.<\/h3><\/li><li><h3>Competitive delivery times.<\/h3><\/li><li><h3>Coating (PVD).<\/h3><\/li><\/ul>\t\t\t\t\t\t<\/div>\n\t\t\t\t<\/div>\n\t\t\t\t<\/div>\n\t\t\t\t\t<\/div>\n\t\t\t\t<\/div>\n\t\t<div class=\"elementor-element elementor-element-95518a5 e-flex e-con-boxed e-con e-parent\" data-id=\"95518a5\" data-element_type=\"container\">\n\t\t\t\t\t<div class=\"e-con-inner\">\n\t\t<div class=\"elementor-element elementor-element-2346f0b e-con-full e-flex e-con e-child\" data-id=\"2346f0b\" data-element_type=\"container\">\n\t\t\t\t<div class=\"elementor-element elementor-element-767a990 elementor-widget elementor-widget-heading\" data-id=\"767a990\" data-element_type=\"widget\" data-widget_type=\"heading.default\">\n\t\t\t\t<div class=\"elementor-widget-container\">\n\t\t\t<h3 class=\"elementor-heading-title elementor-size-default\">Tools Sharpening<\/h3>\t\t<\/div>\n\t\t\t\t<\/div>\n\t\t\t\t<\/div>\n\t\t<div class=\"elementor-element elementor-element-f047908 e-con-full e-flex e-con e-child\" data-id=\"f047908\" data-element_type=\"container\">\n\t\t\t\t<div class=\"elementor-element elementor-element-77e2723 elementor-widget__width-initial elementor-widget elementor-widget-image\" data-id=\"77e2723\" data-element_type=\"widget\" data-widget_type=\"image.default\">\n\t\t\t\t<div class=\"elementor-widget-container\">\n\t\t\t\t\t\t\t\t\t\t\t\t\t<img fetchpriority=\"high\" decoding=\"async\" width=\"692\" height=\"209\" src=\"https:\/\/afiladosintertool.com\/wp-content\/uploads\/2024\/07\/AfiladodeherramientasENG.png\" class=\"attachment-large size-large wp-image-741\" alt=\"\" srcset=\"https:\/\/afiladosintertool.com\/wp-content\/uploads\/2024\/07\/AfiladodeherramientasENG.png 692w, https:\/\/afiladosintertool.com\/wp-content\/uploads\/2024\/07\/AfiladodeherramientasENG-300x91.png 300w, https:\/\/afiladosintertool.com\/wp-content\/uploads\/2024\/07\/AfiladodeherramientasENG-18x5.png 18w\" sizes=\"(max-width: 692px) 100vw, 692px\" \/>\t\t\t\t\t\t\t\t\t\t\t\t\t<\/div>\n\t\t\t\t<\/div>\n\t\t\t\t<\/div>\n\t\t\t\t\t<\/div>\n\t\t\t\t<\/div>\n\t\t<div class=\"elementor-element elementor-element-caf2b91 e-flex e-con-boxed e-con e-parent\" data-id=\"caf2b91\" data-element_type=\"container\">\n\t\t\t\t\t<div class=\"e-con-inner\">\n\t\t<div class=\"elementor-element elementor-element-92959ba e-con-full e-flex e-con e-child\" data-id=\"92959ba\" data-element_type=\"container\">\n\t\t\t\t<div class=\"elementor-element elementor-element-441e283 elementor-widget elementor-widget-heading\" data-id=\"441e283\" data-element_type=\"widget\" data-widget_type=\"heading.default\">\n\t\t\t\t<div class=\"elementor-widget-container\">\n\t\t\t<h3 class=\"elementor-heading-title elementor-size-default\">Reconstruction<\/h3>\t\t<\/div>\n\t\t\t\t<\/div>\n\t\t\t\t<div class=\"elementor-element elementor-element-f84c1a6 elementor-widget elementor-widget-text-editor\" data-id=\"f84c1a6\" data-element_type=\"widget\" data-widget_type=\"text-editor.default\">\n\t\t\t\t<div class=\"elementor-widget-container\">\n\t\t\t\t\t\t\t<p>We specialize in the reconstruction of used and\/or damaged rotating tools, obtaining new parts with smaller dimensions and excellent quality, taking advantage and reusing the' carbide to the maximum, as well as reducing costs.<\/p>\t\t\t\t\t\t<\/div>\n\t\t\t\t<\/div>\n\t\t\t\t<\/div>\n\t\t<div class=\"elementor-element elementor-element-bfb288d e-con-full e-flex e-con e-child\" data-id=\"bfb288d\" data-element_type=\"container\">\n\t\t\t\t<div class=\"elementor-element elementor-element-dd2dbe4 elementor-widget__width-initial elementor-widget elementor-widget-image\" data-id=\"dd2dbe4\" data-element_type=\"widget\" data-widget_type=\"image.default\">\n\t\t\t\t<div class=\"elementor-widget-container\">\n\t\t\t\t\t\t\t\t\t\t\t\t\t<img decoding=\"async\" width=\"1024\" height=\"817\" src=\"https:\/\/afiladosintertool.com\/wp-content\/uploads\/2024\/07\/Reconstruccion-1024x817.png\" class=\"attachment-large size-large wp-image-474\" alt=\"\" srcset=\"https:\/\/afiladosintertool.com\/wp-content\/uploads\/2024\/07\/Reconstruccion-1024x817.png 1024w, https:\/\/afiladosintertool.com\/wp-content\/uploads\/2024\/07\/Reconstruccion-300x239.png 300w, https:\/\/afiladosintertool.com\/wp-content\/uploads\/2024\/07\/Reconstruccion-768x613.png 768w, https:\/\/afiladosintertool.com\/wp-content\/uploads\/2024\/07\/Reconstruccion.png 1322w\" sizes=\"(max-width: 1024px) 100vw, 1024px\" \/>\t\t\t\t\t\t\t\t\t\t\t\t\t<\/div>\n\t\t\t\t<\/div>\n\t\t\t\t<\/div>\n\t\t\t\t\t<\/div>\n\t\t\t\t<\/div>\n\t\t<div class=\"elementor-element elementor-element-2f79c8e e-flex e-con-boxed e-con e-parent\" data-id=\"2f79c8e\" data-element_type=\"container\">\n\t\t\t\t\t<div class=\"e-con-inner\">\n\t\t<div class=\"elementor-element elementor-element-acf5e3e e-con-full e-flex e-con e-child\" data-id=\"acf5e3e\" data-element_type=\"container\">\n\t\t\t\t<div class=\"elementor-element elementor-element-de2b9eb elementor-widget elementor-widget-heading\" data-id=\"de2b9eb\" data-element_type=\"widget\" data-widget_type=\"heading.default\">\n\t\t\t\t<div class=\"elementor-widget-container\">\n\t\t\t<h3 class=\"elementor-heading-title elementor-size-default\">RETIP<\/h3>\t\t<\/div>\n\t\t\t\t<\/div>\n\t\t\t\t<div class=\"elementor-element elementor-element-b460618 elementor-widget elementor-widget-text-editor\" data-id=\"b460618\" data-element_type=\"widget\" data-widget_type=\"text-editor.default\">\n\t\t\t\t<div class=\"elementor-widget-container\">\n\t\t\t\t\t\t\t<p>We offer a complete and professional service program of high precision re-sharpening, restoration and renewal of PCD plates, guaranteeing the geometries, performance and reliability of the tools with original procedures, leaving them like new.<\/p><p><span style=\"text-align: var(--text-align); background-color: var(--ast-global-color-5);\">In our PCD Retip service we machine the cavity, glue the PCD and grind the diameters, obtaining impressive cutting performance, excellent quality, longer life and productivity.<\/span><\/p>\t\t\t\t\t\t<\/div>\n\t\t\t\t<\/div>\n\t\t\t\t<\/div>\n\t\t\t\t\t<\/div>\n\t\t\t\t<\/div>\n\t\t<div class=\"elementor-element elementor-element-dded303 e-flex e-con-boxed e-con e-parent\" data-id=\"dded303\" data-element_type=\"container\">\n\t\t\t\t\t<div class=\"e-con-inner\">\n\t\t<div class=\"elementor-element elementor-element-f18f318 e-con-full e-flex e-con e-child\" data-id=\"f18f318\" data-element_type=\"container\">\n\t\t\t\t<div class=\"elementor-element elementor-element-6cb2c69 elementor-widget elementor-widget-image\" data-id=\"6cb2c69\" data-element_type=\"widget\" data-widget_type=\"image.default\">\n\t\t\t\t<div class=\"elementor-widget-container\">\n\t\t\t\t\t\t\t\t\t\t\t\t\t<img decoding=\"async\" width=\"1024\" height=\"533\" src=\"https:\/\/afiladosintertool.com\/wp-content\/uploads\/2024\/07\/retip1-1024x533.png\" class=\"attachment-large size-large wp-image-504\" alt=\"\" srcset=\"https:\/\/afiladosintertool.com\/wp-content\/uploads\/2024\/07\/retip1-1024x533.png 1024w, https:\/\/afiladosintertool.com\/wp-content\/uploads\/2024\/07\/retip1-300x156.png 300w, https:\/\/afiladosintertool.com\/wp-content\/uploads\/2024\/07\/retip1-768x400.png 768w, https:\/\/afiladosintertool.com\/wp-content\/uploads\/2024\/07\/retip1.png 1406w\" sizes=\"(max-width: 1024px) 100vw, 1024px\" \/>\t\t\t\t\t\t\t\t\t\t\t\t\t<\/div>\n\t\t\t\t<\/div>\n\t\t\t\t<\/div>\n\t\t<div class=\"elementor-element elementor-element-4d068ac e-con-full e-flex e-con e-child\" data-id=\"4d068ac\" data-element_type=\"container\">\n\t\t\t\t<div class=\"elementor-element elementor-element-876a2bf elementor-arrows-position-inside elementor-pagination-position-outside elementor-widget elementor-widget-image-carousel\" data-id=\"876a2bf\" data-element_type=\"widget\" data-settings=\"{&quot;slides_to_show&quot;:&quot;1&quot;,&quot;effect&quot;:&quot;fade&quot;,&quot;navigation&quot;:&quot;both&quot;,&quot;autoplay&quot;:&quot;yes&quot;,&quot;pause_on_hover&quot;:&quot;yes&quot;,&quot;pause_on_interaction&quot;:&quot;yes&quot;,&quot;autoplay_speed&quot;:5000,&quot;infinite&quot;:&quot;yes&quot;,&quot;speed&quot;:500}\" data-widget_type=\"image-carousel.default\">\n\t\t\t\t<div class=\"elementor-widget-container\">\n\t\t\t\t\t<div class=\"elementor-image-carousel-wrapper swiper\" dir=\"ltr\">\n\t\t\t<div class=\"elementor-image-carousel swiper-wrapper\" aria-live=\"off\">\n\t\t\t\t\t\t\t\t<div class=\"swiper-slide\" role=\"group\" aria-roledescription=\"slide\" aria-label=\"1 of 4\"><figure class=\"swiper-slide-inner\"><img decoding=\"async\" class=\"swiper-slide-image\" src=\"https:\/\/afiladosintertool.com\/wp-content\/uploads\/2024\/07\/retip2-265x300.png\" alt=\"retip2\" \/><\/figure><\/div><div class=\"swiper-slide\" role=\"group\" aria-roledescription=\"slide\" aria-label=\"2 of 4\"><figure class=\"swiper-slide-inner\"><img decoding=\"async\" class=\"swiper-slide-image\" src=\"https:\/\/afiladosintertool.com\/wp-content\/uploads\/2024\/07\/retip3-265x300.png\" alt=\"retip3\" \/><\/figure><\/div><div class=\"swiper-slide\" role=\"group\" aria-roledescription=\"slide\" aria-label=\"3 of 4\"><figure class=\"swiper-slide-inner\"><img decoding=\"async\" class=\"swiper-slide-image\" src=\"https:\/\/afiladosintertool.com\/wp-content\/uploads\/2024\/07\/retip4-265x300.png\" alt=\"retip4\" \/><\/figure><\/div><div class=\"swiper-slide\" role=\"group\" aria-roledescription=\"slide\" aria-label=\"4 of 4\"><figure class=\"swiper-slide-inner\"><img decoding=\"async\" class=\"swiper-slide-image\" src=\"https:\/\/afiladosintertool.com\/wp-content\/uploads\/2024\/07\/retip5-265x300.png\" alt=\"retip5\" \/><\/figure><\/div>\t\t\t<\/div>\n\t\t\t\t\t\t\t\t\t\t\t\t<div class=\"elementor-swiper-button elementor-swiper-button-prev\" role=\"button\" tabindex=\"0\">\n\t\t\t\t\t\t<svg aria-hidden=\"true\" class=\"e-font-icon-svg e-eicon-chevron-left\" viewbox=\"0 0 1000 1000\" xmlns=\"http:\/\/www.w3.org\/2000\/svg\"><path d=\"M646 125C629 125 613 133 604 142L308 442C296 454 292 471 292 487 292 504 296 521 308 533L604 854C617 867 629 875 646 875 663 875 679 871 692 858 704 846 713 829 713 812 713 796 708 779 692 767L438 487 692 225C700 217 708 204 708 187 708 171 704 154 692 142 675 129 663 125 646 125Z\"><\/path><\/svg>\t\t\t\t\t<\/div>\n\t\t\t\t\t<div class=\"elementor-swiper-button elementor-swiper-button-next\" role=\"button\" tabindex=\"0\">\n\t\t\t\t\t\t<svg aria-hidden=\"true\" class=\"e-font-icon-svg e-eicon-chevron-right\" viewbox=\"0 0 1000 1000\" xmlns=\"http:\/\/www.w3.org\/2000\/svg\"><path d=\"M696 533C708 521 713 504 713 487 713 471 708 454 696 446L400 146C388 133 375 125 354 125 338 125 325 129 313 142 300 154 292 171 292 187 292 204 296 221 308 233L563 492 304 771C292 783 288 800 288 817 288 833 296 850 308 863 321 871 338 875 354 875 371 875 388 867 400 854L696 533Z\"><\/path><\/svg>\t\t\t\t\t<\/div>\n\t\t\t\t\n\t\t\t\t\t\t\t\t\t<div class=\"swiper-pagination\"><\/div>\n\t\t\t\t\t\t\t\t\t<\/div>\n\t\t\t\t<\/div>\n\t\t\t\t<\/div>\n\t\t\t\t<\/div>\n\t\t\t\t\t<\/div>\n\t\t\t\t<\/div>\n\t\t\t\t<\/div>","protected":false},"excerpt":{"rendered":"<p>Nuestros Servicios Listado Servicios Te ofrecemos soluciones y soporte t\u00e9cnico para eficientizar su proceso de producci\u00f3n; con la fabricaci\u00f3n y [&hellip;]<\/p>","protected":false},"author":1,"featured_media":0,"parent":0,"menu_order":0,"comment_status":"closed","ping_status":"closed","template":"","meta":{"rank_math_lock_modified_date":false,"site-sidebar-layout":"no-sidebar","site-content-layout":"","ast-site-content-layout":"full-width-container","site-content-style":"default","site-sidebar-style":"default","ast-global-header-display":"","ast-banner-title-visibility":"","ast-main-header-display":"","ast-hfb-above-header-display":"","ast-hfb-below-header-display":"","ast-hfb-mobile-header-display":"","site-post-title":"disabled","ast-breadcrumbs-content":"","ast-featured-img":"disabled","footer-sml-layout":"","ast-disable-related-posts":"","theme-transparent-header-meta":"","adv-header-id-meta":"","stick-header-meta":"","header-above-stick-meta":"","header-main-stick-meta":"","header-below-stick-meta":"","astra-migrate-meta-layouts":"default","ast-page-background-enabled":"default","ast-page-background-meta":{"desktop":{"background-color":"var(--ast-global-color-4)","background-image":"","background-repeat":"repeat","background-position":"center center","background-size":"auto","background-attachment":"scroll","background-type":"","background-media":"","overlay-type":"","overlay-color":"","overlay-opacity":"","overlay-gradient":""},"tablet":{"background-color":"","background-image":"","background-repeat":"repeat","background-position":"center center","background-size":"auto","background-attachment":"scroll","background-type":"","background-media":"","overlay-type":"","overlay-color":"","overlay-opacity":"","overlay-gradient":""},"mobile":{"background-color":"","background-image":"","background-repeat":"repeat","background-position":"center center","background-size":"auto","background-attachment":"scroll","background-type":"","background-media":"","overlay-type":"","overlay-color":"","overlay-opacity":"","overlay-gradient":""}},"ast-content-background-meta":{"desktop":{"background-color":"var(--ast-global-color-5)","background-image":"","background-repeat":"repeat","background-position":"center center","background-size":"auto","background-attachment":"scroll","background-type":"","background-media":"","overlay-type":"","overlay-color":"","overlay-opacity":"","overlay-gradient":""},"tablet":{"background-color":"var(--ast-global-color-5)","background-image":"","background-repeat":"repeat","background-position":"center center","background-size":"auto","background-attachment":"scroll","background-type":"","background-media":"","overlay-type":"","overlay-color":"","overlay-opacity":"","overlay-gradient":""},"mobile":{"background-color":"var(--ast-global-color-5)","background-image":"","background-repeat":"repeat","background-position":"center center","background-size":"auto","background-attachment":"scroll","background-type":"","background-media":"","overlay-type":"","overlay-color":"","overlay-opacity":"","overlay-gradient":""}},"footnotes":""},"class_list":["post-48","page","type-page","status-publish","hentry"],"_links":{"self":[{"href":"https:\/\/afiladosintertool.com\/en\/wp-json\/wp\/v2\/pages\/48","targetHints":{"allow":["GET"]}}],"collection":[{"href":"https:\/\/afiladosintertool.com\/en\/wp-json\/wp\/v2\/pages"}],"about":[{"href":"https:\/\/afiladosintertool.com\/en\/wp-json\/wp\/v2\/types\/page"}],"author":[{"embeddable":true,"href":"https:\/\/afiladosintertool.com\/en\/wp-json\/wp\/v2\/users\/1"}],"replies":[{"embeddable":true,"href":"https:\/\/afiladosintertool.com\/en\/wp-json\/wp\/v2\/comments?post=48"}],"version-history":[{"count":61,"href":"https:\/\/afiladosintertool.com\/en\/wp-json\/wp\/v2\/pages\/48\/revisions"}],"predecessor-version":[{"id":744,"href":"https:\/\/afiladosintertool.com\/en\/wp-json\/wp\/v2\/pages\/48\/revisions\/744"}],"wp:attachment":[{"href":"https:\/\/afiladosintertool.com\/en\/wp-json\/wp\/v2\/media?parent=48"}],"curies":[{"name":"wp","href":"https:\/\/api.w.org\/{rel}","templated":true}]}}