{"id":32,"date":"2024-07-09T04:47:17","date_gmt":"2024-07-09T02:47:17","guid":{"rendered":"https:\/\/afiladosintertool.com\/?page_id=32"},"modified":"2024-07-11T17:21:58","modified_gmt":"2024-07-11T15:21:58","slug":"maquinaria","status":"publish","type":"page","link":"https:\/\/afiladosintertool.com\/en\/maquinaria\/","title":{"rendered":"Machinery"},"content":{"rendered":"<div data-elementor-type=\"wp-page\" data-elementor-id=\"32\" class=\"elementor elementor-32\">\n\t\t\t\t<div class=\"elementor-element elementor-element-77bc6560 e-flex e-con-boxed e-con e-parent\" data-id=\"77bc6560\" data-element_type=\"container\" data-settings=\"{&quot;background_background&quot;:&quot;classic&quot;}\">\n\t\t\t\t\t<div class=\"e-con-inner\">\n\t\t\t\t<div class=\"elementor-element elementor-element-54c91a32 elementor-widget__width-initial elementor-widget-mobile__width-initial elementor-widget elementor-widget-heading\" data-id=\"54c91a32\" data-element_type=\"widget\" data-widget_type=\"heading.default\">\n\t\t\t\t<div class=\"elementor-widget-container\">\n\t\t\t<h2 class=\"elementor-heading-title elementor-size-default\">Machinery<\/h2>\t\t<\/div>\n\t\t\t\t<\/div>\n\t\t\t\t\t<\/div>\n\t\t\t\t<\/div>\n\t\t<div class=\"elementor-element elementor-element-2a8ccf7 e-flex e-con-boxed e-con e-parent\" data-id=\"2a8ccf7\" data-element_type=\"container\">\n\t\t\t\t\t<div class=\"e-con-inner\">\n\t\t<div class=\"elementor-element elementor-element-1a9b465 e-con-full e-flex e-con e-child\" data-id=\"1a9b465\" data-element_type=\"container\">\n\t\t\t\t<div class=\"elementor-element elementor-element-1942190 elementor-widget elementor-widget-image\" data-id=\"1942190\" data-element_type=\"widget\" data-widget_type=\"image.default\">\n\t\t\t\t<div class=\"elementor-widget-container\">\n\t\t\t\t\t\t\t\t\t\t\t\t\t<img fetchpriority=\"high\" decoding=\"async\" width=\"425\" height=\"232\" src=\"https:\/\/afiladosintertool.com\/wp-content\/uploads\/2024\/07\/rect1.png\" class=\"attachment-full size-full wp-image-521\" alt=\"\" srcset=\"https:\/\/afiladosintertool.com\/wp-content\/uploads\/2024\/07\/rect1.png 425w, https:\/\/afiladosintertool.com\/wp-content\/uploads\/2024\/07\/rect1-300x164.png 300w\" sizes=\"(max-width: 425px) 100vw, 425px\" \/>\t\t\t\t\t\t\t\t\t\t\t\t\t<\/div>\n\t\t\t\t<\/div>\n\t\t\t\t<\/div>\n\t\t<div class=\"elementor-element elementor-element-f0b89d8 e-con-full e-flex e-con e-child\" data-id=\"f0b89d8\" data-element_type=\"container\">\n\t\t<div class=\"elementor-element elementor-element-373955b e-con-full e-flex e-con e-child\" data-id=\"373955b\" data-element_type=\"container\">\n\t\t\t\t<div class=\"elementor-element elementor-element-713cc38 elementor-widget elementor-widget-heading\" data-id=\"713cc38\" data-element_type=\"widget\" data-widget_type=\"heading.default\">\n\t\t\t\t<div class=\"elementor-widget-container\">\n\t\t\t<h3 class=\"elementor-heading-title elementor-size-default\">HIGH TECH CNC GRINDING<\/h3>\t\t<\/div>\n\t\t\t\t<\/div>\n\t\t\t\t<\/div>\n\t\t<div class=\"elementor-element elementor-element-5c6a4b3 e-con-full e-flex e-con e-child\" data-id=\"5c6a4b3\" data-element_type=\"container\">\n\t\t\t\t<div class=\"elementor-element elementor-element-c5c972f elementor-widget elementor-widget-text-editor\" data-id=\"c5c972f\" data-element_type=\"widget\" data-widget_type=\"text-editor.default\">\n\t\t\t\t<div class=\"elementor-widget-container\">\n\t\t\t\t\t\t\t<p>We have state-of-the-art CNC Sharpeners and Grinding Machines, for concentric grinding with a Run Out of 0.002 \u00b5m, with software to design complex tools, using profile to manufacture and sharpen a wide variety of tools such as Drill Bits, Shape Cutters and Rotary Reamers with a minimum diameter of \u00d8 2.5 mm and a maximum of \u00d850 mm.<\/p>\t\t\t\t\t\t<\/div>\n\t\t\t\t<\/div>\n\t\t\t\t<\/div>\n\t\t\t\t<\/div>\n\t\t\t\t\t<\/div>\n\t\t\t\t<\/div>\n\t\t<div class=\"elementor-element elementor-element-ee8fcfd e-flex e-con-boxed e-con e-parent\" data-id=\"ee8fcfd\" data-element_type=\"container\">\n\t\t\t\t\t<div class=\"e-con-inner\">\n\t\t<div class=\"elementor-element elementor-element-26add52 e-con-full e-flex e-con e-child\" data-id=\"26add52\" data-element_type=\"container\">\n\t\t\t\t<div class=\"elementor-element elementor-element-22856f3 elementor-widget elementor-widget-image\" data-id=\"22856f3\" data-element_type=\"widget\" data-widget_type=\"image.default\">\n\t\t\t\t<div class=\"elementor-widget-container\">\n\t\t\t\t\t\t\t\t\t\t\t\t\t<img decoding=\"async\" width=\"472\" height=\"290\" src=\"https:\/\/afiladosintertool.com\/wp-content\/uploads\/2024\/07\/rect3.png\" class=\"attachment-large size-large wp-image-530\" alt=\"\" srcset=\"https:\/\/afiladosintertool.com\/wp-content\/uploads\/2024\/07\/rect3.png 472w, https:\/\/afiladosintertool.com\/wp-content\/uploads\/2024\/07\/rect3-300x184.png 300w\" sizes=\"(max-width: 472px) 100vw, 472px\" \/>\t\t\t\t\t\t\t\t\t\t\t\t\t<\/div>\n\t\t\t\t<\/div>\n\t\t\t\t<\/div>\n\t\t\t\t<div class=\"elementor-element elementor-element-e28c71a elementor-widget__width-initial elementor-widget elementor-widget-image\" data-id=\"e28c71a\" data-element_type=\"widget\" data-widget_type=\"image.default\">\n\t\t\t\t<div class=\"elementor-widget-container\">\n\t\t\t\t\t\t\t\t\t\t\t\t\t<img decoding=\"async\" width=\"708\" height=\"127\" src=\"https:\/\/afiladosintertool.com\/wp-content\/uploads\/2024\/07\/rect4.png\" class=\"attachment-large size-large wp-image-531\" alt=\"\" srcset=\"https:\/\/afiladosintertool.com\/wp-content\/uploads\/2024\/07\/rect4.png 708w, https:\/\/afiladosintertool.com\/wp-content\/uploads\/2024\/07\/rect4-300x54.png 300w\" sizes=\"(max-width: 708px) 100vw, 708px\" \/>\t\t\t\t\t\t\t\t\t\t\t\t\t<\/div>\n\t\t\t\t<\/div>\n\t\t<div class=\"elementor-element elementor-element-162597b e-con-full e-flex e-con e-child\" data-id=\"162597b\" data-element_type=\"container\">\n\t\t\t\t<div class=\"elementor-element elementor-element-d39f49f elementor-widget elementor-widget-image\" data-id=\"d39f49f\" data-element_type=\"widget\" data-widget_type=\"image.default\">\n\t\t\t\t<div class=\"elementor-widget-container\">\n\t\t\t\t\t\t\t\t\t\t\t\t\t<img loading=\"lazy\" decoding=\"async\" width=\"708\" height=\"199\" src=\"https:\/\/afiladosintertool.com\/wp-content\/uploads\/2024\/07\/rect2.png\" class=\"attachment-large size-large wp-image-529\" alt=\"\" srcset=\"https:\/\/afiladosintertool.com\/wp-content\/uploads\/2024\/07\/rect2.png 708w, https:\/\/afiladosintertool.com\/wp-content\/uploads\/2024\/07\/rect2-300x84.png 300w\" sizes=\"(max-width: 708px) 100vw, 708px\" \/>\t\t\t\t\t\t\t\t\t\t\t\t\t<\/div>\n\t\t\t\t<\/div>\n\t\t\t\t<\/div>\n\t\t\t\t\t<\/div>\n\t\t\t\t<\/div>\n\t\t<div class=\"elementor-element elementor-element-c087118 e-flex e-con-boxed e-con e-parent\" data-id=\"c087118\" data-element_type=\"container\">\n\t\t\t\t\t<div class=\"e-con-inner\">\n\t\t<div class=\"elementor-element elementor-element-e3b992d e-con-full e-flex e-con e-child\" data-id=\"e3b992d\" data-element_type=\"container\">\n\t\t\t\t<div class=\"elementor-element elementor-element-942a55f elementor-widget elementor-widget-heading\" data-id=\"942a55f\" data-element_type=\"widget\" data-widget_type=\"heading.default\">\n\t\t\t\t<div class=\"elementor-widget-container\">\n\t\t\t<h3 class=\"elementor-heading-title elementor-size-default\">LATEST TECHNOLOGY MACHINERY<\/h3>\t\t<\/div>\n\t\t\t\t<\/div>\n\t\t\t\t<div class=\"elementor-element elementor-element-90d140d elementor-widget elementor-widget-image\" data-id=\"90d140d\" data-element_type=\"widget\" data-widget_type=\"image.default\">\n\t\t\t\t<div class=\"elementor-widget-container\">\n\t\t\t\t\t\t\t\t\t\t\t\t\t<img loading=\"lazy\" decoding=\"async\" width=\"392\" height=\"304\" src=\"https:\/\/afiladosintertool.com\/wp-content\/uploads\/2024\/07\/maq1.png\" class=\"attachment-large size-large wp-image-536\" alt=\"\" srcset=\"https:\/\/afiladosintertool.com\/wp-content\/uploads\/2024\/07\/maq1.png 392w, https:\/\/afiladosintertool.com\/wp-content\/uploads\/2024\/07\/maq1-300x233.png 300w\" sizes=\"(max-width: 392px) 100vw, 392px\" \/>\t\t\t\t\t\t\t\t\t\t\t\t\t<\/div>\n\t\t\t\t<\/div>\n\t\t\t\t<\/div>\n\t\t<div class=\"elementor-element elementor-element-0bcdfb1 e-con-full e-flex e-con e-child\" data-id=\"0bcdfb1\" data-element_type=\"container\">\n\t\t\t\t<div class=\"elementor-element elementor-element-5cd6951 elementor-widget elementor-widget-heading\" data-id=\"5cd6951\" data-element_type=\"widget\" data-widget_type=\"heading.default\">\n\t\t\t\t<div class=\"elementor-widget-container\">\n\t\t\t<h3 class=\"elementor-heading-title elementor-size-default\">Grinding Machine<\/h3>\t\t<\/div>\n\t\t\t\t<\/div>\n\t\t\t\t<div class=\"elementor-element elementor-element-4d62007 elementor-widget elementor-widget-text-editor\" data-id=\"4d62007\" data-element_type=\"widget\" data-widget_type=\"text-editor.default\">\n\t\t\t\t<div class=\"elementor-widget-container\">\n\t\t\t\t\t\t\t<p>Ability to achieve a surface finish better than 0.2\/Ra with an eccentricity less than 2 microns, has four axes for ground shape tools (preform), has a large work area and powerful grinding spindles to achieve maximum precision.<\/p>\t\t\t\t\t\t<\/div>\n\t\t\t\t<\/div>\n\t\t\t\t<\/div>\n\t\t\t\t\t<\/div>\n\t\t\t\t<\/div>\n\t\t<div class=\"elementor-element elementor-element-f3fd5ed e-flex e-con-boxed e-con e-parent\" data-id=\"f3fd5ed\" data-element_type=\"container\">\n\t\t\t\t\t<div class=\"e-con-inner\">\n\t\t<div class=\"elementor-element elementor-element-2eb7657 e-con-full e-flex e-con e-child\" data-id=\"2eb7657\" data-element_type=\"container\">\n\t\t\t\t<div class=\"elementor-element elementor-element-1b51dd5 elementor-widget elementor-widget-image\" data-id=\"1b51dd5\" data-element_type=\"widget\" data-widget_type=\"image.default\">\n\t\t\t\t<div class=\"elementor-widget-container\">\n\t\t\t\t\t\t\t\t\t\t\t\t\t<img loading=\"lazy\" decoding=\"async\" width=\"361\" height=\"299\" src=\"https:\/\/afiladosintertool.com\/wp-content\/uploads\/2024\/07\/maq2.png\" class=\"attachment-large size-large wp-image-537\" alt=\"\" srcset=\"https:\/\/afiladosintertool.com\/wp-content\/uploads\/2024\/07\/maq2.png 361w, https:\/\/afiladosintertool.com\/wp-content\/uploads\/2024\/07\/maq2-300x248.png 300w\" sizes=\"(max-width: 361px) 100vw, 361px\" \/>\t\t\t\t\t\t\t\t\t\t\t\t\t<\/div>\n\t\t\t\t<\/div>\n\t\t\t\t<\/div>\n\t\t<div class=\"elementor-element elementor-element-c7940e8 e-con-full e-flex e-con e-child\" data-id=\"c7940e8\" data-element_type=\"container\">\n\t\t\t\t<div class=\"elementor-element elementor-element-4f67ed2 elementor-widget elementor-widget-heading\" data-id=\"4f67ed2\" data-element_type=\"widget\" data-widget_type=\"heading.default\">\n\t\t\t\t<div class=\"elementor-widget-container\">\n\t\t\t<h3 class=\"elementor-heading-title elementor-size-default\">Grinder<\/h3>\t\t<\/div>\n\t\t\t\t<\/div>\n\t\t\t\t<div class=\"elementor-element elementor-element-082ed10 elementor-widget elementor-widget-text-editor\" data-id=\"082ed10\" data-element_type=\"widget\" data-widget_type=\"text-editor.default\">\n\t\t\t\t<div class=\"elementor-widget-container\">\n\t\t\t\t\t\t\t<p>Offering automation and the versatility of more options to address the need to increase productivity, with the option of an automatic head clamping it can provide unmanned operation and the flexibility to handle small volumes and mixed batches of tools.<\/p>\t\t\t\t\t\t<\/div>\n\t\t\t\t<\/div>\n\t\t\t\t<\/div>\n\t\t\t\t\t<\/div>\n\t\t\t\t<\/div>\n\t\t\t\t<\/div>","protected":false},"excerpt":{"rendered":"<p>Maquinaria RECTIFICADO CNC DE ALTA TECNOLOG\u00cdA Contamos con Afiladoras y Rectificadoras CNC de \u00faltima tecnolog\u00eda, para el rectificado conc\u00e9ntrico con [&hellip;]<\/p>","protected":false},"author":1,"featured_media":0,"parent":0,"menu_order":0,"comment_status":"closed","ping_status":"closed","template":"","meta":{"rank_math_lock_modified_date":false,"site-sidebar-layout":"no-sidebar","site-content-layout":"","ast-site-content-layout":"full-width-container","site-content-style":"default","site-sidebar-style":"default","ast-global-header-display":"","ast-banner-title-visibility":"","ast-main-header-display":"","ast-hfb-above-header-display":"","ast-hfb-below-header-display":"","ast-hfb-mobile-header-display":"","site-post-title":"disabled","ast-breadcrumbs-content":"","ast-featured-img":"disabled","footer-sml-layout":"","ast-disable-related-posts":"","theme-transparent-header-meta":"","adv-header-id-meta":"","stick-header-meta":"","header-above-stick-meta":"","header-main-stick-meta":"","header-below-stick-meta":"","astra-migrate-meta-layouts":"default","ast-page-background-enabled":"default","ast-page-background-meta":{"desktop":{"background-color":"var(--ast-global-color-4)","background-image":"","background-repeat":"repeat","background-position":"center center","background-size":"auto","background-attachment":"scroll","background-type":"","background-media":"","overlay-type":"","overlay-color":"","overlay-opacity":"","overlay-gradient":""},"tablet":{"background-color":"","background-image":"","background-repeat":"repeat","background-position":"center center","background-size":"auto","background-attachment":"scroll","background-type":"","background-media":"","overlay-type":"","overlay-color":"","overlay-opacity":"","overlay-gradient":""},"mobile":{"background-color":"","background-image":"","background-repeat":"repeat","background-position":"center center","background-size":"auto","background-attachment":"scroll","background-type":"","background-media":"","overlay-type":"","overlay-color":"","overlay-opacity":"","overlay-gradient":""}},"ast-content-background-meta":{"desktop":{"background-color":"var(--ast-global-color-5)","background-image":"","background-repeat":"repeat","background-position":"center center","background-size":"auto","background-attachment":"scroll","background-type":"","background-media":"","overlay-type":"","overlay-color":"","overlay-opacity":"","overlay-gradient":""},"tablet":{"background-color":"var(--ast-global-color-5)","background-image":"","background-repeat":"repeat","background-position":"center center","background-size":"auto","background-attachment":"scroll","background-type":"","background-media":"","overlay-type":"","overlay-color":"","overlay-opacity":"","overlay-gradient":""},"mobile":{"background-color":"var(--ast-global-color-5)","background-image":"","background-repeat":"repeat","background-position":"center center","background-size":"auto","background-attachment":"scroll","background-type":"","background-media":"","overlay-type":"","overlay-color":"","overlay-opacity":"","overlay-gradient":""}},"footnotes":""},"class_list":["post-32","page","type-page","status-publish","hentry"],"_links":{"self":[{"href":"https:\/\/afiladosintertool.com\/en\/wp-json\/wp\/v2\/pages\/32","targetHints":{"allow":["GET"]}}],"collection":[{"href":"https:\/\/afiladosintertool.com\/en\/wp-json\/wp\/v2\/pages"}],"about":[{"href":"https:\/\/afiladosintertool.com\/en\/wp-json\/wp\/v2\/types\/page"}],"author":[{"embeddable":true,"href":"https:\/\/afiladosintertool.com\/en\/wp-json\/wp\/v2\/users\/1"}],"replies":[{"embeddable":true,"href":"https:\/\/afiladosintertool.com\/en\/wp-json\/wp\/v2\/comments?post=32"}],"version-history":[{"count":25,"href":"https:\/\/afiladosintertool.com\/en\/wp-json\/wp\/v2\/pages\/32\/revisions"}],"predecessor-version":[{"id":549,"href":"https:\/\/afiladosintertool.com\/en\/wp-json\/wp\/v2\/pages\/32\/revisions\/549"}],"wp:attachment":[{"href":"https:\/\/afiladosintertool.com\/en\/wp-json\/wp\/v2\/media?parent=32"}],"curies":[{"name":"wp","href":"https:\/\/api.w.org\/{rel}","templated":true}]}}